{"id":10316,"date":"2023-08-24T08:29:04","date_gmt":"2023-08-24T08:29:04","guid":{"rendered":"https:\/\/hiss-nekretnine.hr\/?page_id=10316"},"modified":"2023-12-21T11:19:18","modified_gmt":"2023-12-21T10:19:18","slug":"posredovanje","status":"publish","type":"page","link":"https:\/\/www.hiss-nekretnine.hr\/pocetna\/o-nama\/usluge\/posredovanje\/","title":{"rendered":"Pouzdano i profesionalno posredovanje  nekretninama u Vara\u017edinu"},"content":{"rendered":"\t\t<div data-elementor-type=\"wp-page\" data-elementor-id=\"10316\" class=\"elementor elementor-10316\">\n\t\t\t\t\t\t\t<div class=\"elementor-element elementor-element-e769e78 e-flex e-con-boxed e-con e-parent\" data-id=\"e769e78\" data-element_type=\"container\" data-settings=\"{&quot;content_width&quot;:&quot;boxed&quot;}\" data-core-v316-plus=\"true\">\n\t\t\t\t\t<div class=\"e-con-inner\">\n\t\t\t\t<div class=\"elementor-element elementor-element-e56bdcb elementor-widget elementor-widget-spacer\" data-id=\"e56bdcb\" data-element_type=\"widget\" data-widget_type=\"spacer.default\">\n\t\t\t\t<div class=\"elementor-widget-container\">\n\t\t\t<style>\/*! elementor - v3.18.0 - 20-12-2023 *\/\n.elementor-column .elementor-spacer-inner{height:var(--spacer-size)}.e-con{--container-widget-width:100%}.e-con-inner>.elementor-widget-spacer,.e-con>.elementor-widget-spacer{width:var(--container-widget-width,var(--spacer-size));--align-self:var(--container-widget-align-self,initial);--flex-shrink:0}.e-con-inner>.elementor-widget-spacer>.elementor-widget-container,.e-con>.elementor-widget-spacer>.elementor-widget-container{height:100%;width:100%}.e-con-inner>.elementor-widget-spacer>.elementor-widget-container>.elementor-spacer,.e-con>.elementor-widget-spacer>.elementor-widget-container>.elementor-spacer{height:100%}.e-con-inner>.elementor-widget-spacer>.elementor-widget-container>.elementor-spacer>.elementor-spacer-inner,.e-con>.elementor-widget-spacer>.elementor-widget-container>.elementor-spacer>.elementor-spacer-inner{height:var(--container-widget-height,var(--spacer-size))}.e-con-inner>.elementor-widget-spacer.elementor-widget-empty,.e-con>.elementor-widget-spacer.elementor-widget-empty{position:relative;min-height:22px;min-width:22px}.e-con-inner>.elementor-widget-spacer.elementor-widget-empty .elementor-widget-empty-icon,.e-con>.elementor-widget-spacer.elementor-widget-empty .elementor-widget-empty-icon{position:absolute;top:0;bottom:0;left:0;right:0;margin:auto;padding:0;width:22px;height:22px}<\/style>\t\t<div class=\"elementor-spacer\">\n\t\t\t<div class=\"elementor-spacer-inner\"><\/div>\n\t\t<\/div>\n\t\t\t\t<\/div>\n\t\t\t\t<\/div>\n\t\t\t\t\t<\/div>\n\t\t\t\t<\/div>\n\t\t<div class=\"elementor-element elementor-element-433801d e-flex e-con-boxed e-con e-parent\" data-id=\"433801d\" data-element_type=\"container\" data-settings=\"{&quot;content_width&quot;:&quot;boxed&quot;}\" data-core-v316-plus=\"true\">\n\t\t\t\t\t<div class=\"e-con-inner\">\n\t\t\t\t<div class=\"elementor-element elementor-element-9dd02a3 elementor-widget elementor-widget-heading\" data-id=\"9dd02a3\" data-element_type=\"widget\" data-widget_type=\"heading.default\">\n\t\t\t\t<div class=\"elementor-widget-container\">\n\t\t\t<style>\/*! elementor - v3.18.0 - 20-12-2023 *\/\n.elementor-heading-title{padding:0;margin:0;line-height:1}.elementor-widget-heading .elementor-heading-title[class*=elementor-size-]>a{color:inherit;font-size:inherit;line-height:inherit}.elementor-widget-heading .elementor-heading-title.elementor-size-small{font-size:15px}.elementor-widget-heading .elementor-heading-title.elementor-size-medium{font-size:19px}.elementor-widget-heading .elementor-heading-title.elementor-size-large{font-size:29px}.elementor-widget-heading .elementor-heading-title.elementor-size-xl{font-size:39px}.elementor-widget-heading .elementor-heading-title.elementor-size-xxl{font-size:59px}<\/style><h1 class=\"elementor-heading-title elementor-size-default\">Pouzdano i profesionalno posredovanje  nekretninama u Vara\u017edinu<\/h1>\t\t<\/div>\n\t\t\t\t<\/div>\n\t\t\t\t\t<\/div>\n\t\t\t\t<\/div>\n\t\t<div class=\"elementor-element elementor-element-f1d18ed e-flex e-con-boxed e-con e-parent\" data-id=\"f1d18ed\" data-element_type=\"container\" data-settings=\"{&quot;content_width&quot;:&quot;boxed&quot;}\" data-core-v316-plus=\"true\">\n\t\t\t\t\t<div class=\"e-con-inner\">\n\t\t<div class=\"elementor-element elementor-element-3d40755 e-con-full e-flex e-con e-child\" data-id=\"3d40755\" data-element_type=\"container\" data-settings=\"{&quot;content_width&quot;:&quot;full&quot;}\">\n\t\t\t\t<div class=\"elementor-element elementor-element-ddc62c4 elementor-widget elementor-widget-text-editor\" data-id=\"ddc62c4\" data-element_type=\"widget\" data-widget_type=\"text-editor.default\">\n\t\t\t\t<div class=\"elementor-widget-container\">\n\t\t\t<style>\/*! elementor - v3.18.0 - 20-12-2023 *\/\n.elementor-widget-text-editor.elementor-drop-cap-view-stacked .elementor-drop-cap{background-color:#69727d;color:#fff}.elementor-widget-text-editor.elementor-drop-cap-view-framed .elementor-drop-cap{color:#69727d;border:3px solid;background-color:transparent}.elementor-widget-text-editor:not(.elementor-drop-cap-view-default) .elementor-drop-cap{margin-top:8px}.elementor-widget-text-editor:not(.elementor-drop-cap-view-default) .elementor-drop-cap-letter{width:1em;height:1em}.elementor-widget-text-editor .elementor-drop-cap{float:left;text-align:center;line-height:1;font-size:50px}.elementor-widget-text-editor .elementor-drop-cap-letter{display:inline-block}<\/style>\t\t\t\t<p><span style=\"font-size: 15px; text-align: var(--text-align);\"><strong>HISS NEKRETNINE<\/strong> pru\u017ea vrhunsku posredni\u010dku uslugu u prometu nekretnina u Vara\u017edinu i okolici. Na\u0161 cilj je ne samo olak\u0161ati kupoprodaju nekretnina, ve\u0107 i pru\u017eiti potpunu podr\u0161ku kroz cijeli proces. Uz profesionalno kontaktiranje, kvalitetnu prezentaciju nekretnina te efikasno stjecanje vlasni\u0161tva, anga\u017eirani smo u maksimiziranju va\u0161eg iskustva.\u00a0<\/span><span style=\"font-size: 15px; text-align: var(--text-align);\">Dodatno, pru\u017eamo stru\u010dnu pomo\u0107 na\u0161im klijentima u procesu dobivanja kredita kod banaka, sura\u0111uju\u0107i s renomiranim financijskim institucijama. Na\u0161i ovla\u0161teni procjenitelji osiguravaju to\u010dnu procjenu tr\u017ei\u0161ne vrijednosti va\u0161e nekretnine.\u00a0<\/span><\/p>\t\t\t\t\t\t<\/div>\n\t\t\t\t<\/div>\n\t\t\t\t<\/div>\n\t\t<div class=\"elementor-element elementor-element-1a7147a e-con-full e-flex e-con e-child\" data-id=\"1a7147a\" data-element_type=\"container\" data-settings=\"{&quot;content_width&quot;:&quot;full&quot;}\">\n\t\t\t\t<div class=\"elementor-element elementor-element-fd61d5d elementor-widget elementor-widget-image\" data-id=\"fd61d5d\" data-element_type=\"widget\" data-widget_type=\"image.default\">\n\t\t\t\t<div class=\"elementor-widget-container\">\n\t\t\t<style>\/*! elementor - v3.18.0 - 20-12-2023 *\/\n.elementor-widget-image{text-align:center}.elementor-widget-image a{display:inline-block}.elementor-widget-image a img[src$=\".svg\"]{width:48px}.elementor-widget-image img{vertical-align:middle;display:inline-block}<\/style>\t\t\t\t\t\t\t\t\t\t\t\t<img fetchpriority=\"high\" decoding=\"async\" width=\"640\" height=\"427\" src=\"https:\/\/www.hiss-nekretnine.hr\/wp-content\/uploads\/2023\/11\/kljucevi.jpg\" class=\"attachment-large size-large wp-image-10905\" alt=\"\" srcset=\"https:\/\/www.hiss-nekretnine.hr\/wp-content\/uploads\/2023\/11\/kljucevi-300x200.jpg 300w, https:\/\/www.hiss-nekretnine.hr\/wp-content\/uploads\/2023\/11\/kljucevi.jpg 640w\" sizes=\"(max-width: 640px) 100vw, 640px\" \/>\t\t\t\t\t\t\t\t\t\t\t\t\t\t\t<\/div>\n\t\t\t\t<\/div>\n\t\t\t\t<\/div>\n\t\t<div class=\"elementor-element elementor-element-1be8fc7 e-con-full e-flex e-con e-child\" data-id=\"1be8fc7\" data-element_type=\"container\" data-settings=\"{&quot;content_width&quot;:&quot;full&quot;}\">\n\t\t\t\t<div class=\"elementor-element elementor-element-fb5793b elementor-widget elementor-widget-image\" data-id=\"fb5793b\" data-element_type=\"widget\" data-widget_type=\"image.default\">\n\t\t\t\t<div class=\"elementor-widget-container\">\n\t\t\t\t\t\t\t\t\t\t\t\t\t\t\t<img decoding=\"async\" width=\"900\" height=\"684\" src=\"https:\/\/www.hiss-nekretnine.hr\/wp-content\/uploads\/2023\/11\/dom.jpg\" class=\"attachment-large size-large wp-image-10906\" alt=\"\" srcset=\"https:\/\/www.hiss-nekretnine.hr\/wp-content\/uploads\/2023\/11\/dom.jpg 952w, https:\/\/www.hiss-nekretnine.hr\/wp-content\/uploads\/2023\/11\/dom-300x228.jpg 300w, https:\/\/www.hiss-nekretnine.hr\/wp-content\/uploads\/2023\/11\/dom-768x584.jpg 768w\" sizes=\"(max-width: 900px) 100vw, 900px\" \/>\t\t\t\t\t\t\t\t\t\t\t\t\t\t\t<\/div>\n\t\t\t\t<\/div>\n\t\t\t\t<\/div>\n\t\t<div class=\"elementor-element elementor-element-3f74647 e-con-full e-flex e-con e-child\" data-id=\"3f74647\" data-element_type=\"container\" data-settings=\"{&quot;content_width&quot;:&quot;full&quot;}\">\n\t\t\t\t<div class=\"elementor-element elementor-element-b3541b6 elementor-widget elementor-widget-text-editor\" data-id=\"b3541b6\" data-element_type=\"widget\" data-widget_type=\"text-editor.default\">\n\t\t\t\t<div class=\"elementor-widget-container\">\n\t\t\t\t\t\t\t<p><span style=\"font-size: 15px; text-align: var(--text-align);\">U suradnji s odvjetni\u010dkim uredima, obavljamo sve pravne poslove, \u010dine\u0107i va\u0161u transakciju sigurnom i bezbri\u017enom.\u00a0Neka <strong>HISS NEKRETNINE<\/strong> budu va\u0161 prvi izbor za pouzdano, stru\u010dno i sveobuhvatno posredovanje u prometu nekretnina. Kontaktirajte nas danas i osigurajte uspje\u0161an put do va\u0161eg novog doma ili investicije.<\/span><\/p>\t\t\t\t\t\t<\/div>\n\t\t\t\t<\/div>\n\t\t\t\t<\/div>\n\t\t\t\t\t<\/div>\n\t\t\t\t<\/div>\n\t\t\t\t\t\t\t<\/div>\n\t\t","protected":false},"excerpt":{"rendered":"<p>Pouzdano i profesionalno posredovanje nekretninama u Vara\u017edinu HISS NEKRETNINE pru\u017ea vrhunsku posredni\u010dku uslugu u prometu nekretnina u Vara\u017edinu i okolici. Na\u0161 cilj je ne samo olak\u0161ati kupoprodaju nekretnina, ve\u0107 i pru\u017eiti potpunu podr\u0161ku kroz cijeli proces. Uz profesionalno kontaktiranje, kvalitetnu prezentaciju nekretnina te efikasno stjecanje vlasni\u0161tva, anga\u017eirani smo u maksimiziranju va\u0161eg iskustva.\u00a0Dodatno, pru\u017eamo stru\u010dnu pomo\u0107 [&hellip;]<\/p>\n","protected":false},"author":1,"featured_media":0,"parent":9726,"menu_order":0,"comment_status":"closed","ping_status":"closed","template":"elementor_header_footer","meta":{"om_disable_all_campaigns":false,"_monsterinsights_skip_tracking":false,"_monsterinsights_sitenote_active":false,"_monsterinsights_sitenote_note":"","_monsterinsights_sitenote_category":0,"_uf_show_specific_survey":0,"_uf_disable_surveys":false,"footnotes":""},"class_list":["post-10316","page","type-page","status-publish","hentry"],"aioseo_notices":[],"amp_enabled":false,"_links":{"self":[{"href":"https:\/\/www.hiss-nekretnine.hr\/pocetna\/wp-json\/wp\/v2\/pages\/10316","targetHints":{"allow":["GET"]}}],"collection":[{"href":"https:\/\/www.hiss-nekretnine.hr\/pocetna\/wp-json\/wp\/v2\/pages"}],"about":[{"href":"https:\/\/www.hiss-nekretnine.hr\/pocetna\/wp-json\/wp\/v2\/types\/page"}],"author":[{"embeddable":true,"href":"https:\/\/www.hiss-nekretnine.hr\/pocetna\/wp-json\/wp\/v2\/users\/1"}],"replies":[{"embeddable":true,"href":"https:\/\/www.hiss-nekretnine.hr\/pocetna\/wp-json\/wp\/v2\/comments?post=10316"}],"version-history":[{"count":3,"href":"https:\/\/www.hiss-nekretnine.hr\/pocetna\/wp-json\/wp\/v2\/pages\/10316\/revisions"}],"predecessor-version":[{"id":11139,"href":"https:\/\/www.hiss-nekretnine.hr\/pocetna\/wp-json\/wp\/v2\/pages\/10316\/revisions\/11139"}],"up":[{"embeddable":true,"href":"https:\/\/www.hiss-nekretnine.hr\/pocetna\/wp-json\/wp\/v2\/pages\/9726"}],"wp:attachment":[{"href":"https:\/\/www.hiss-nekretnine.hr\/pocetna\/wp-json\/wp\/v2\/media?parent=10316"}],"curies":[{"name":"wp","href":"https:\/\/api.w.org\/{rel}","templated":true}]}}